{"id":619,"date":"2017-06-01T20:41:10","date_gmt":"2017-06-01T18:41:10","guid":{"rendered":"http:\/\/contemplom.at\/?page_id=619"},"modified":"2019-09-24T21:52:54","modified_gmt":"2019-09-24T19:52:54","slug":"a-mueemlek-napja","status":"publish","type":"page","link":"http:\/\/contemplom.at\/?page_id=619","title":{"rendered":"A M\u00fceml\u00e9k Napja 2017"},"content":{"rendered":"<p>&nbsp;<\/p>\n<p><a href=\"http:\/\/contemplom.at\/wp-content\/uploads\/2017\/03\/Einladung-TdD-ungarisch.pdf\" target=\"_blank\" rel=\"noopener noreferrer\"><strong>Megh\u00edv\u00e1s (pdf)<\/strong><\/a><\/p>\n<p>A M\u00fc<a href=\"http:\/\/contemplom.at\/wp-content\/uploads\/2016\/01\/tag-des-denkmals-Logo.jpg\"><img loading=\"lazy\" decoding=\"async\" class=\" wp-image-526 alignleft\" src=\"http:\/\/contemplom.at\/wp-content\/uploads\/2016\/01\/tag-des-denkmals-Logo.jpg\" alt=\"\" width=\"73\" height=\"74\"><\/a>eml\u00e9k Napja 2017. szeptember 24, vas\u00e1rnap<\/p>\n<p>15h&nbsp;\u00f3ra: magyar nyelv\u00fc vezet\u00e9s<\/p>\n<p>Az obersch\u00fctzeni temet\u00f6i templom \u00e9p\u00edt\u00e9si f\u00e1zisai: egy id\u00e1ig ismeretlen, kora k\u00f6z\u00e9pkori, el\u00f6z\u00f6 \u00e9p\u00fclet bemutat\u00e1sa (Franz Sauer r\u00e9g\u00e9sz).<\/p>\n<p><a href=\"http:\/\/contemplom.at\/wp-content\/uploads\/2017\/03\/Dorfplan-TdD-4.jpg\"><img loading=\"lazy\" decoding=\"async\" class=\"alignnone size-full wp-image-603\" src=\"http:\/\/contemplom.at\/wp-content\/uploads\/2017\/03\/Dorfplan-TdD-4.jpg\" alt=\"\" width=\"3003\" height=\"1748\" srcset=\"http:\/\/contemplom.at\/wp-content\/uploads\/2017\/03\/Dorfplan-TdD-4.jpg 3003w, http:\/\/contemplom.at\/wp-content\/uploads\/2017\/03\/Dorfplan-TdD-4-300x175.jpg 300w, http:\/\/contemplom.at\/wp-content\/uploads\/2017\/03\/Dorfplan-TdD-4-768x447.jpg 768w, http:\/\/contemplom.at\/wp-content\/uploads\/2017\/03\/Dorfplan-TdD-4-1024x596.jpg 1024w\" sizes=\"auto, (max-width: 3003px) 100vw, 3003px\" \/><\/a><\/p>\n<p>A nemr\u00e9giben restaur\u00e1lt k\u00f6z\u00e9pkori fresk\u00f3k prezent\u00e1l\u00e1sa (J\u00f6rg Riedel helyre\u00e1ll\u00edt\u00f3)<\/p>\n<p>Ford\u00edt\u00e1s: Wawzin \u00c1gnes<\/p>\n<p>R\u00e9szv\u00e9tel ingyenes<\/p>\n<p><a href=\"http:\/\/contemplom.at\/wp-content\/uploads\/2017\/03\/Fresken-f\u00fcr-TdD-homepage-1ooox600.jpg\"><img loading=\"lazy\" decoding=\"async\" class=\"alignnone size-full wp-image-604\" src=\"http:\/\/contemplom.at\/wp-content\/uploads\/2017\/03\/Fresken-f\u00fcr-TdD-homepage-1ooox600.jpg\" alt=\"\" width=\"1024\" height=\"537\" srcset=\"http:\/\/contemplom.at\/wp-content\/uploads\/2017\/03\/Fresken-f\u00fcr-TdD-homepage-1ooox600.jpg 1024w, http:\/\/contemplom.at\/wp-content\/uploads\/2017\/03\/Fresken-f\u00fcr-TdD-homepage-1ooox600-300x157.jpg 300w, http:\/\/contemplom.at\/wp-content\/uploads\/2017\/03\/Fresken-f\u00fcr-TdD-homepage-1ooox600-768x403.jpg 768w\" sizes=\"auto, (max-width: 1024px) 100vw, 1024px\" \/><\/a><\/p>\n","protected":false},"excerpt":{"rendered":"<p>&nbsp; Megh\u00edv\u00e1s (pdf) A M\u00fceml\u00e9k Napja 2017. szeptember 24, vas\u00e1rnap 15h&nbsp;\u00f3ra: magyar nyelv\u00fc vezet\u00e9s Az obersch\u00fctzeni temet\u00f6i templom \u00e9p\u00edt\u00e9si f\u00e1zisai: egy id\u00e1ig ismeretlen, kora k\u00f6z\u00e9pkori, el\u00f6z\u00f6 \u00e9p\u00fclet bemutat\u00e1sa (Franz Sauer r\u00e9g\u00e9sz). A nemr\u00e9giben restaur\u00e1lt k\u00f6z\u00e9pkori fresk\u00f3k prezent\u00e1l\u00e1sa (J\u00f6rg Riedel helyre\u00e1ll\u00edt\u00f3) Ford\u00edt\u00e1s: Wawzin \u00c1gnes R\u00e9szv\u00e9tel ingyenes<\/p>\n","protected":false},"author":1,"featured_media":0,"parent":96,"menu_order":5,"comment_status":"closed","ping_status":"closed","template":"","meta":{"footnotes":""},"class_list":["post-619","page","type-page","status-publish","hentry"],"_links":{"self":[{"href":"http:\/\/contemplom.at\/index.php?rest_route=\/wp\/v2\/pages\/619","targetHints":{"allow":["GET"]}}],"collection":[{"href":"http:\/\/contemplom.at\/index.php?rest_route=\/wp\/v2\/pages"}],"about":[{"href":"http:\/\/contemplom.at\/index.php?rest_route=\/wp\/v2\/types\/page"}],"author":[{"embeddable":true,"href":"http:\/\/contemplom.at\/index.php?rest_route=\/wp\/v2\/users\/1"}],"replies":[{"embeddable":true,"href":"http:\/\/contemplom.at\/index.php?rest_route=%2Fwp%2Fv2%2Fcomments&post=619"}],"version-history":[{"count":3,"href":"http:\/\/contemplom.at\/index.php?rest_route=\/wp\/v2\/pages\/619\/revisions"}],"predecessor-version":[{"id":1038,"href":"http:\/\/contemplom.at\/index.php?rest_route=\/wp\/v2\/pages\/619\/revisions\/1038"}],"up":[{"embeddable":true,"href":"http:\/\/contemplom.at\/index.php?rest_route=\/wp\/v2\/pages\/96"}],"wp:attachment":[{"href":"http:\/\/contemplom.at\/index.php?rest_route=%2Fwp%2Fv2%2Fmedia&parent=619"}],"curies":[{"name":"wp","href":"https:\/\/api.w.org\/{rel}","templated":true}]}}