{"id":549,"date":"2017-03-28T22:27:11","date_gmt":"2017-03-28T20:27:11","guid":{"rendered":"http:\/\/contemplom.at\/?page_id=549"},"modified":"2019-09-24T21:52:33","modified_gmt":"2019-09-24T19:52:33","slug":"tag-des-denkmals","status":"publish","type":"page","link":"http:\/\/contemplom.at\/?page_id=549","title":{"rendered":"Tag des Denkmals 2017"},"content":{"rendered":"<div>\n<p><span style=\"color: #808080;\"><strong>Tag des Denkmals,<\/strong><\/span><span style=\"color: #808080;\"><strong>&nbsp;Sonntag, 24. September 2017 in Obersch\u00fctzen<\/strong><\/span><\/p>\n<p><strong><a href=\"http:\/\/contemplom.at\/wp-content\/uploads\/2017\/03\/Einladung-TdD.pdf\" target=\"_blank\" rel=\"noopener noreferrer\">Einladung (pdf)<\/a><\/strong><br \/>\n<strong><a href=\"http:\/\/contemplom.at\/wp-content\/uploads\/2017\/03\/Einladung-TdD-ungarisch.pdf\" target=\"_blank\" rel=\"noopener noreferrer\">Megh\u00edv\u00e1s (pdf)<\/a><\/strong><\/p>\n<\/div>\n<div><a href=\"http:\/\/www.tagdesdenkmals.at\/\" target=\"_blank\" rel=\"noopener noreferrer\"><img loading=\"lazy\" decoding=\"async\" class=\"wp-image-526 size-full alignleft\" src=\"http:\/\/contemplom.at\/wp-content\/uploads\/2016\/01\/tag-des-denkmals-Logo.jpg\" width=\"136\" height=\"139\"><\/a><\/div>\n<div>&nbsp;Das <a href=\"https:\/\/bda.gv.at\/\" target=\"_blank\" rel=\"noopener noreferrer\">Bundesdenkmalamt<\/a>&nbsp;veranstaltet j\u00e4hrlich den T<a href=\"http:\/\/www.tagdesdenkmals.at\/\" target=\"_blank\" rel=\"noopener noreferrer\">ag des Denkmals<\/a>. Dabei wurden bereits sehr interessante Objekte aus der Umgebung pr\u00e4sentiert, u.a. die sp\u00e4tgotische Kirche in Mariasdorf, das Schloss Rotenturm sowie die Fresken in der Kirche in Zahling. Heuer liegt mit 2 bedeutenden Objekten ein Schwerpunkt in Obersch\u00fctzen: Friedhofskirche (Baugeschichte und Fresken) und evang. Pfarrkirche (Orgel und Orgelgeh\u00e4use). Die F\u00fchrungszeiten wurden so angesetzt, dass man beide St\u00e4tten hintereinander besuchen kann. F\u00fcr Kinder im Volksschulalter gibt es jeweils gleichzeitig eine Kinderf\u00fchrung.<\/div>\n<p><a href=\"http:\/\/contemplom.at\/wp-content\/uploads\/2017\/03\/Dorfplan-TdD-4.jpg\" target=\"_blank\" rel=\"noopener noreferrer\"><img loading=\"lazy\" decoding=\"async\" class=\"alignnone wp-image-603 size-full\" src=\"http:\/\/contemplom.at\/wp-content\/uploads\/2017\/03\/Dorfplan-TdD-4.jpg\" alt=\"\" width=\"3003\" height=\"1748\" srcset=\"http:\/\/contemplom.at\/wp-content\/uploads\/2017\/03\/Dorfplan-TdD-4.jpg 3003w, http:\/\/contemplom.at\/wp-content\/uploads\/2017\/03\/Dorfplan-TdD-4-300x175.jpg 300w, http:\/\/contemplom.at\/wp-content\/uploads\/2017\/03\/Dorfplan-TdD-4-768x447.jpg 768w, http:\/\/contemplom.at\/wp-content\/uploads\/2017\/03\/Dorfplan-TdD-4-1024x596.jpg 1024w\" sizes=\"auto, (max-width: 3003px) 100vw, 3003px\" \/><\/a><\/p>\n<p style=\"text-align: left;\"><strong>F\u00fchrungszeiten:<\/strong><\/p>\n<p style=\"text-align: left;\">10:00 Friedhofskirche<br \/>\n11:00 evang. Pfarrkirche<\/p>\n<p>14:00 Friedhofskirche<br \/>\n15:00 evang. Pfarrkirche<\/p>\n<p><span style=\"color: #ff0000;\">15:00 Friedhofskirche F\u00fchrung in ungarischer Sprache<\/span><\/p>\n<p><span style=\"color: #ff0000;\">A M\u00fceml\u00e9k Napja 2017. szeptember 24, vas\u00e1rnap<\/span><br \/>\n<span style=\"color: #ff0000;\">15h \u00f3ra: magyar nyelv\u00fc vezet\u00e9s<\/span><br \/>\n<span style=\"color: #ff0000;\">Az obersch\u00fctzeni temet\u00f6i templom \u00e9p\u00edt\u00e9si f\u00e1zisai: egy id\u00e1ig ismeretlen, kora k\u00f6z\u00e9pkori, el\u00f6z\u00f6 \u00e9p\u00fclet bemutat\u00e1sa (Franz Sauer r\u00e9g\u00e9sz).<\/span><br \/>\n<span style=\"color: #ff0000;\">A nemr\u00e9giben restaur\u00e1lt k\u00f6z\u00e9pkori fresk\u00f3k prezent\u00e1l\u00e1sa (J\u00f6rg Riedel helyre\u00e1ll\u00edt\u00f3)<\/span><br \/>\n<span style=\"color: #ff0000;\">Ford\u00edt\u00e1s: Wawzin \u00c1gnes<\/span><br \/>\n<span style=\"color: #ff0000;\">R\u00e9szv\u00e9tel ingyenes<\/span><\/p>\n<p><strong>F\u00fchrungsdauer:<\/strong>&nbsp; ca 45 Minuten<\/p>\n<p><strong>Treffpunkt:<\/strong>&nbsp;im Eingangsbereich der Kirche<\/p>\n<p style=\"text-align: left;\"><strong>St\u00e4tte<\/strong>: Friedhofskirche, 7432 Obersch\u00fctzen,&nbsp;Tatzmannsdorferstr. 42; Am Tag des Denkmals von10-18 Uhr durchgehend ge\u00f6ffnet<br \/>\n\u21d2 <a href=\"http:\/\/www.contemplom.at\">www.contemplom.at<\/a><\/p>\n<p style=\"text-align: left;\">Evangelische Pfarrkirche, 7432 Obersch\u00fctzen, Gottlieb-August-Wimmer-Platz 2<br \/>\nAm Tag des Denkmals nur w\u00e4hrend der F\u00fchrungen ge\u00f6ffnet.<br \/>\n\u21d2&nbsp; <a href=\"http:\/\/oberschuetzen.evang.at\" target=\"_blank\" rel=\"noopener noreferrer\">http:\/\/oberschuetzen.evang.at<\/a><\/p>\n<p><a href=\"http:\/\/contemplom.at\/wp-content\/uploads\/2017\/03\/Fresken-f\u00fcr-TdD-homepage-1ooox600.jpg\" target=\"_blank\" rel=\"noopener noreferrer\"><img loading=\"lazy\" decoding=\"async\" class=\"(c) contemplom.at alignnone wp-image-604 size-full\" src=\"http:\/\/contemplom.at\/wp-content\/uploads\/2017\/03\/Fresken-f\u00fcr-TdD-homepage-1ooox600.jpg\" alt=\"\" width=\"1024\" height=\"537\" srcset=\"http:\/\/contemplom.at\/wp-content\/uploads\/2017\/03\/Fresken-f\u00fcr-TdD-homepage-1ooox600.jpg 1024w, http:\/\/contemplom.at\/wp-content\/uploads\/2017\/03\/Fresken-f\u00fcr-TdD-homepage-1ooox600-300x157.jpg 300w, http:\/\/contemplom.at\/wp-content\/uploads\/2017\/03\/Fresken-f\u00fcr-TdD-homepage-1ooox600-768x403.jpg 768w\" sizes=\"auto, (max-width: 1024px) 100vw, 1024px\" \/><\/a><\/p>\n<p><strong>F\u00fchrung: Mittelalterliche Friedhofskirche Obersch\u00fctzen<\/strong><br \/>\nDie Bauphasen der Friedhofskirche in Obersch\u00fctzen. Pr\u00e4sentation der j\u00fcngst restaurierten mittelalterlichen Fresken.<br \/>\nIm Boden der im 12.\/13. Jahrhundert erbauten Friedhofskirche Obersch\u00fctzen hat sich ein fr\u00fchmittelalterlicher Vorg\u00e4ngerbau erhalten. Im Rahmen der Veranstaltung erfolgt die Vorstellung dieser bislang unbekannten Missionskirche durch den Arch\u00e4ologen <span style=\"color: #808080;\">Mag. Franz Sauer<\/span>. Von der Restaurierung der 1979 entdeckten mittelalterlichen Fresken berichtet der<span style=\"color: #808080;\"> Dipl.Restaurator J\u00f6rg Riedel<\/span>.<\/p>\n<p><a href=\"http:\/\/contemplom.at\/wp-content\/uploads\/2017\/03\/Hesse-Orgel-OS-1ooox800.jpg\" target=\"_blank\" rel=\"noopener noreferrer\"><img loading=\"lazy\" decoding=\"async\" class=\"(c) contemplom.at alignnone wp-image-605 size-full\" src=\"http:\/\/contemplom.at\/wp-content\/uploads\/2017\/03\/Hesse-Orgel-OS-1ooox800.jpg\" alt=\"\" width=\"1024\" height=\"813\" srcset=\"http:\/\/contemplom.at\/wp-content\/uploads\/2017\/03\/Hesse-Orgel-OS-1ooox800.jpg 1024w, http:\/\/contemplom.at\/wp-content\/uploads\/2017\/03\/Hesse-Orgel-OS-1ooox800-300x238.jpg 300w, http:\/\/contemplom.at\/wp-content\/uploads\/2017\/03\/Hesse-Orgel-OS-1ooox800-768x610.jpg 768w\" sizes=\"auto, (max-width: 1024px) 100vw, 1024px\" \/><\/a><\/p>\n<p><strong>F\u00fchrung: Orgel der Evangelischen Kirche A.B. Obersch\u00fctzen, erbaut 1862 von Carl Hesse <\/strong><br \/>\nNach einer F\u00fchrung mit <span style=\"color: #808080;\">Restaurator Thomas Frank<\/span>l folgt eine Demonstration der Orgel inkl. Kurzkonzert mit Organist Emanuel Schmelzer-Ziringer.<br \/>\nIn der 1795 erbauten evangelischen Toleranzkirche von Obersch\u00fctzen steht die von Carl Hesse 1862 erbaute Orgel. Sie ist in klanglicher und orgelbauerischer Hinsicht ein besonderes Kleinod in der Orgellandschaft des S\u00fcdburgenlandes. Gleichzeitig mit dem Orgelwerk wurde auch das Geh\u00e4use restauriert. &nbsp;Dabei traten historisch interessante aber auch erheiternde Graffiti hervor. Sie weisen auf die Verwendung des Instruments f\u00fcr den Unterricht in der benachbarten damaligen Lehrerbildungsanstalt, des heutigen Wimmer Gymnasiums, hin.<\/p>\n","protected":false},"excerpt":{"rendered":"<p>Tag des Denkmals,&nbsp;Sonntag, 24. September 2017 in Obersch\u00fctzen Einladung (pdf) Megh\u00edv\u00e1s (pdf) &nbsp;Das Bundesdenkmalamt&nbsp;veranstaltet j\u00e4hrlich den Tag des Denkmals. Dabei wurden bereits sehr interessante Objekte aus der Umgebung pr\u00e4sentiert, u.a. die sp\u00e4tgotische Kirche in Mariasdorf, das Schloss Rotenturm sowie die Fresken in der Kirche in Zahling. Heuer liegt mit 2 bedeutenden Objekten ein Schwerpunkt in &hellip; <a href=\"http:\/\/contemplom.at\/?page_id=549\" class=\"more-link\"><span class=\"screen-reader-text\">Tag des Denkmals 2017<\/span> weiterlesen <span class=\"meta-nav\">&rarr;<\/span><\/a><\/p>\n","protected":false},"author":1,"featured_media":0,"parent":96,"menu_order":3,"comment_status":"closed","ping_status":"closed","template":"","meta":{"footnotes":""},"class_list":["post-549","page","type-page","status-publish","hentry"],"_links":{"self":[{"href":"http:\/\/contemplom.at\/index.php?rest_route=\/wp\/v2\/pages\/549","targetHints":{"allow":["GET"]}}],"collection":[{"href":"http:\/\/contemplom.at\/index.php?rest_route=\/wp\/v2\/pages"}],"about":[{"href":"http:\/\/contemplom.at\/index.php?rest_route=\/wp\/v2\/types\/page"}],"author":[{"embeddable":true,"href":"http:\/\/contemplom.at\/index.php?rest_route=\/wp\/v2\/users\/1"}],"replies":[{"embeddable":true,"href":"http:\/\/contemplom.at\/index.php?rest_route=%2Fwp%2Fv2%2Fcomments&post=549"}],"version-history":[{"count":11,"href":"http:\/\/contemplom.at\/index.php?rest_route=\/wp\/v2\/pages\/549\/revisions"}],"predecessor-version":[{"id":1037,"href":"http:\/\/contemplom.at\/index.php?rest_route=\/wp\/v2\/pages\/549\/revisions\/1037"}],"up":[{"embeddable":true,"href":"http:\/\/contemplom.at\/index.php?rest_route=\/wp\/v2\/pages\/96"}],"wp:attachment":[{"href":"http:\/\/contemplom.at\/index.php?rest_route=%2Fwp%2Fv2%2Fmedia&parent=549"}],"curies":[{"name":"wp","href":"https:\/\/api.w.org\/{rel}","templated":true}]}}