{"id":533,"date":"2017-03-28T19:59:41","date_gmt":"2017-03-28T17:59:41","guid":{"rendered":"http:\/\/contemplom.at\/?page_id=533"},"modified":"2026-02-25T21:32:26","modified_gmt":"2026-02-25T19:32:26","slug":"mittelalterliche-kirchen-in-der-wart","status":"publish","type":"page","link":"http:\/\/contemplom.at\/?page_id=533","title":{"rendered":"Historie (Downloads)"},"content":{"rendered":"<p>[:de]<\/p>\n<ol>\n<li><strong><span style=\"color: #808080;\">KIRCHENF\u00dcHRER FRIEDHOFSKIRCHE OBERSCH\u00dcTZEN<br \/><a href=\"http:\/\/contemplom.at\/wp-content\/uploads\/2018\/07\/Flaggen-m.jpg\">\u00a0<img loading=\"lazy\" decoding=\"async\" class=\"alignnone size-full wp-image-812\" src=\"http:\/\/contemplom.at\/wp-content\/uploads\/2018\/07\/Flaggen-m.jpg\" alt=\"\" width=\"198\" height=\"33\" \/><\/a><br \/><\/span><\/strong><\/li>\n<\/ol>\n<p>Die Friedhofskirche Obersch\u00fctzen kann auf eine lange historische Vergangenheit blicken. <a href=\"http:\/\/contemplom.at\/wp-content\/uploads\/2015\/04\/Kirchenf\u00fchrer-low.pdf\" target=\"_blank\" rel=\"noopener noreferrer\"><strong>In unserem dreisprachigen Kirchenf\u00fchrer (deutsch, englisch, ungarisch)<\/strong><\/a> finden Sie eine Beschreibung und Erkl\u00e4rung der\u00a0romanischen und gotischen Wandmalereien sowie einen Abriss der wechselvollen Baugeschichte (PDF, 6 Seiten).<\/p>\n<hr \/>\n<p><strong><span style=\"color: #808080;\">2. KIRCHENF\u00dcHRER DER WART<br \/><a href=\"http:\/\/contemplom.at\/wp-content\/uploads\/2018\/07\/Flaggen-m.jpg\">\u00a0\u00a0\u00a0\u00a0\u00a0 <img loading=\"lazy\" decoding=\"async\" class=\"alignnone size-full wp-image-812\" src=\"http:\/\/contemplom.at\/wp-content\/uploads\/2018\/07\/Flaggen-m.jpg\" alt=\"\" width=\"198\" height=\"33\" \/><\/a><br \/><\/span><\/strong><\/p>\n<p>Hier k\u00f6nnen Sie unseren Kirchenf\u00fchrer (5 Seiten) \u00a0\u00fcber <a href=\"http:\/\/contemplom.at\/wp-content\/uploads\/2017\/05\/Mittelalterliche-Kirchen-in-der-Wart-A2.pdf\" target=\"_blank\" rel=\"noopener noreferrer\"><strong>mittelalterliche Kirchen in der Wart<\/strong><\/a>\u00a0als PDF downloaden. Dieser steht auch in einer englischen (<strong><a href=\"http:\/\/contemplom.at\/wp-content\/uploads\/2017\/05\/Mittelalterliche-Kirchen-in-der-Wart-E1.pdf\" target=\"_blank\" rel=\"noopener noreferrer\">Medieval churches in Obere Wart and its surroundings<\/a><\/strong>) und ungarischen Version (<a href=\"http:\/\/contemplom.at\/wp-content\/uploads\/2017\/09\/Mittelalterliche-Kirchen-in-der-Wart-U1-4.pdf\"><strong>K\u00f6z\u00e9pkori templomok a Fels\u0151 \u0150rs\u00e9gben \u00e9s k\u00f6rny\u00e9k\u00e9n<\/strong><\/a>) als PDF zur Verf\u00fcgung.<\/p>\n<hr \/><hr \/>\n<p><span style=\"color: #808080;\"><strong>3. GRABSTEINE IN DER KIRCHE<\/strong><\/span><\/p>\n<p>In der Kirche befinden sich zwei interessante Epitaphe und eine Grabplatte. Eine <strong><a href=\"http:\/\/contemplom.at\/wp-content\/uploads\/2017\/03\/Grabsteine-A4-quer-3.pdf\" target=\"_blank\" rel=\"noopener noreferrer\">Beschreibung dieser\u00a0zur Erinnerung gefertigten Denkmale<\/a> <\/strong>(2 Seiten) k\u00f6nnen sie als PDF downloaden.<\/p>\n<p><strong><span style=\"color: #808080;\">4. GRAFFITI<\/span><\/strong><\/p>\n<p>In Obersch\u00fctzen sind im Laufe der Zeit Graffiti an den W\u00e4nden angebracht worden. Sie werden gerade im Rahmen eines internationalen Projektes erforscht und nach grafischen, sprachlichen und inhaltlichen Fragen analysiert. Die Ergebnisse sollen in der kommenden Zeit publiziert und so einem breiten Publikum vorgestellt werden. Das folgende Beispiel zeigt ein <em>Sator-Rotas-Graffito<\/em>, das vermutlich im 15. Jahrhundert angebracht wurde.<\/p>\n<p>Eine von <span style=\"color: #808080;\">Thomas Wozniak<\/span> und <span style=\"color: #808080;\">Anja Thaller<\/span>\u00a0verfasste erste Zusammenfassung \u00fcber Wesen und Verwendung der mittelalterlichen Graffiti in der Friedhofskirche Obersch\u00fctzen (u.a. mit Erkl\u00e4rung des Sator-Rotas-Graffito) k\u00f6nnen sie als pdf downloaden (<strong><a href=\"http:\/\/contemplom.at\/wp-content\/uploads\/2017\/09\/Graffiti-v1.pdf\" target=\"_blank\" rel=\"noopener noreferrer\">Mittelalterliche Graffiti in der Friedhofskirche Obersch\u00fctzen, pdf<\/a><\/strong>).<br \/>Siehe auch Publikation Nr 13.<\/p>\n<p><span style=\"color: #808080;\"><strong>5.\u00a0 <\/strong><\/span><span style=\"color: #808080;\"><strong>WANDERF\u00dcHRER\u00a0<\/strong><em>Camino Ecum\u00e9nico<\/em><\/span><\/p>\n<p>\u00d6kumenischer Pilgerweg &#8211; Rundwanderweg zu 3 Kirchen und 4 Beth\u00e4usern der evang. Pfarrgemeinde und zu 5 mittelalterlichen katholischen Kirchen per pedes apostolorum (zu Fu\u00df) oder mit dem Rad.<br \/>(pdf-Vorlage A4, ausdrucken als Brosch\u00fcre A5).\u00a0 (<a href=\"http:\/\/contemplom.at\/wp-content\/uploads\/2018\/06\/Camino-V1.pdf\">Wanderf\u00fchrer 2,15 MB<\/a>).<\/p>\n<p><span style=\"color: #999999;\"><strong>6.\u00a0 KIRCHENF\u00dcHRER der sp\u00e4tgotischen Pfarrkirche \u00bbMariae Himmelfahrt\u00ab in MARIASDORF . . .<br \/><a href=\"http:\/\/contemplom.at\/wp-content\/uploads\/2018\/07\/Flaggen-m.jpg\"><img loading=\"lazy\" decoding=\"async\" class=\"alignnone size-full wp-image-812\" src=\"http:\/\/contemplom.at\/wp-content\/uploads\/2018\/07\/Flaggen-m.jpg\" alt=\"\" width=\"198\" height=\"33\" \/><\/a><br \/><\/strong><\/span><\/p>\n<p>. . .\u00a0 mit einem Historischen \u00dcberblick der Herrschaft und <span style=\"color: #999999;\"><strong>BURG BERNSTEIN<\/strong><\/span> sowie Geschichte und Beschreibung der r\u00f6m.-kath. Pfarrkirche <span style=\"color: #999999;\"><strong>BERNSTEIN<\/strong><\/span> ,\u00a0 der evang. Pfarrkirche A.B. Bernstein und der Filialkirche in <strong><span style=\"color: #999999;\">ASCHAU<\/span><\/strong>. Mit Zusammenfassung in englischer und ungarischer Sprache.<br \/>Mit freundlicher Genehmigung von P. Alfons Jestl.<br \/>pdf, 3,5 MB, Format 12&#215;19 cm<br \/><a href=\"http:\/\/contemplom.at\/wp-content\/uploads\/2018\/07\/Kirchenf\u00fchrer-Mariasdorf-2018.2.pdf\">Kirchenf\u00fchrer Mariasdorf Download<\/a><\/p>\n<p><span style=\"color: #000000;\"><strong>7.\u00a0 <\/strong> Die <strong>Wiese<\/strong> am Kirchenhang<\/span>. <a href=\"http:\/\/contemplom.at\/wp-content\/uploads\/2018\/10\/Obersch\u00fctzen-Magerwiese.pdf\">Beschreibung der Magerwiese<\/a><\/p>\n\n\n<p>8. Franz Sauer, BDA: <strong>Die fr\u00fchmittelalterlichen Kirchen<\/strong> von Obersch\u00fctzen, Siget und Aschau im Burgenland.<\/p>\n\n\n\n<p>Die fr\u00fchmittelalterliche Kirche von Obersch\u00fctzen &#8211; <a href=\"http:\/\/contemplom.at\/wp-content\/uploads\/2019\/12\/BDA-TafelObersch\u00fctzen-Nov.-2019-.pdf\">Download<\/a> <br>Die fr\u00fchmittelalterliche Kirche von Aschau &#8211; <a href=\"http:\/\/contemplom.at\/wp-content\/uploads\/2019\/12\/BDA-Tafel-Aschau-Nov.-2019.pdf\">Download<\/a><br>Die fr\u00fchmittelalterliche Kirche von Siget &#8211; <a href=\"http:\/\/contemplom.at\/wp-content\/uploads\/2026\/02\/BDA-Tafel-Siget.pdf\">Download<\/a><br>Siehe auch Publikation Nr. 9<\/p>\n\n\n<div class=\"wp-block-image\">\n<figure class=\"alignleft\"><img decoding=\"async\" src=\"http:\/\/contemplom.at\/wp-content\/uploads\/2019\/12\/Flagge-ung-m.jpg\" alt=\"\"\/><\/figure><\/div>\n\n\n<p>Korak\u00f6z\u00e9pkori Templom Obersch\u00fctzen &#8211; <a href=\"http:\/\/contemplom.at\/wp-content\/uploads\/2019\/12\/BDA-Tafel-ung.-OS-Nov.-2019.pdf\">Download<\/a>\nKorak\u00f6z\u00e9pkori Templom Aschau &#8211; <a href=\"http:\/\/contemplom.at\/wp-content\/uploads\/2019\/12\/BDA-Tafel-ung-Aschau-Nov.-2019.pdf\">Download<\/a><\/p>\n\n\n<p>9. <strong>Karolingische Kirchen<\/strong> im Burgenland- Publikation und Pr\u00e4sentation &#8211;<a href=\"http:\/\/contemplom.at\/wp-content\/uploads\/2021\/10\/Karolingische-Kirchen-im-Burgenland.pdf\">Download<\/a><\/p>\n<p><img decoding=\"async\" class=\"alignleft\" src=\"http:\/\/contemplom.at\/wp-content\/uploads\/2019\/12\/Flagge-ung-m.jpg\" alt=\"\" \/>9a.<strong> KAROLING TEMPLOMOK<\/strong> BURGENLANDBAN &#8211; Begleitheft in ungarischer Sprache &#8211; <a href=\"http:\/\/contemplom.at\/wp-content\/uploads\/2021\/10\/KAROLING-TEMPLOMOK-BURGENLANDBAN.pdf\">Download<\/a><\/p>\n<p>10. <strong>Fresken:<br \/><\/strong>Elga Lanc, Die malerische Ausstattung der Bartholom\u00e4uskirche in Obersch\u00fctzen Ein Beitrag zur mittelalterlichen Monumentalmalerei im Burgenland, auf der Internetseite des Museumsvereins:<br \/><a href=\"https:\/\/museum-oberschuetzen.com\/kontakt\/images\/Museumsbl%C3%A4tter8.pdf\">https:\/\/museum-oberschuetzen.com\/kontakt\/images\/Museumsbl%C3%A4tter8.pdf<\/a><\/p>\n<p>12. <strong>Fresken<\/strong> in \u201ewiederhergestellt\u201c- Brosch\u00fcrenserie des Bundesdenkmalamtes, auf der Internetseite des BDA:<br \/><a href=\"https:\/\/www.bda.gv.at\/themen\/publikationen\/wiederhergestellt\/wiederhergestellt-106-oberschuetzen-friedhofskirche.html\">https:\/\/www.bda.gv.at\/themen\/publikationen\/wiederhergestellt\/wiederhergestellt-106-oberschuetzen-friedhofskirche.html<\/a><br \/>( anl\u00e4sslich von Kirchenf\u00fchrungen auch bei uns erh\u00e4ltlich, gratis)<\/p>\n<p>13. Brosch\u00fcre Graffiti von Thomas Wozniak, 2025 <a href=\"http:\/\/contemplom.at\/wp-content\/uploads\/2025\/02\/Broschuere_print-10-MB.pdf\">Brosch\u00fcre 10MB<\/a><\/p>","protected":false},"excerpt":{"rendered":"<p>[:de] KIRCHENF\u00dcHRER FRIEDHOFSKIRCHE OBERSCH\u00dcTZEN\u00a0 Die Friedhofskirche Obersch\u00fctzen kann auf eine lange historische Vergangenheit blicken. In unserem dreisprachigen Kirchenf\u00fchrer (deutsch, englisch, ungarisch) finden Sie eine Beschreibung und Erkl\u00e4rung der\u00a0romanischen und gotischen Wandmalereien sowie einen Abriss der wechselvollen Baugeschichte (PDF, 6 Seiten). 2. KIRCHENF\u00dcHRER DER WART\u00a0\u00a0\u00a0\u00a0\u00a0 Hier k\u00f6nnen Sie unseren Kirchenf\u00fchrer (5 Seiten) \u00a0\u00fcber mittelalterliche Kirchen in &hellip; <a href=\"http:\/\/contemplom.at\/?page_id=533\" class=\"more-link\"><span class=\"screen-reader-text\">Historie (Downloads)<\/span> weiterlesen <span class=\"meta-nav\">&rarr;<\/span><\/a><\/p>\n","protected":false},"author":1,"featured_media":0,"parent":0,"menu_order":5,"comment_status":"closed","ping_status":"closed","template":"","meta":{"footnotes":""},"class_list":["post-533","page","type-page","status-publish","hentry"],"_links":{"self":[{"href":"http:\/\/contemplom.at\/index.php?rest_route=\/wp\/v2\/pages\/533","targetHints":{"allow":["GET"]}}],"collection":[{"href":"http:\/\/contemplom.at\/index.php?rest_route=\/wp\/v2\/pages"}],"about":[{"href":"http:\/\/contemplom.at\/index.php?rest_route=\/wp\/v2\/types\/page"}],"author":[{"embeddable":true,"href":"http:\/\/contemplom.at\/index.php?rest_route=\/wp\/v2\/users\/1"}],"replies":[{"embeddable":true,"href":"http:\/\/contemplom.at\/index.php?rest_route=%2Fwp%2Fv2%2Fcomments&post=533"}],"version-history":[{"count":44,"href":"http:\/\/contemplom.at\/index.php?rest_route=\/wp\/v2\/pages\/533\/revisions"}],"predecessor-version":[{"id":1723,"href":"http:\/\/contemplom.at\/index.php?rest_route=\/wp\/v2\/pages\/533\/revisions\/1723"}],"wp:attachment":[{"href":"http:\/\/contemplom.at\/index.php?rest_route=%2Fwp%2Fv2%2Fmedia&parent=533"}],"curies":[{"name":"wp","href":"https:\/\/api.w.org\/{rel}","templated":true}]}}