{"id":495,"date":"2017-02-19T14:17:55","date_gmt":"2017-02-19T12:17:55","guid":{"rendered":"http:\/\/contemplom.at\/?page_id=495"},"modified":"2017-02-19T21:13:05","modified_gmt":"2017-02-19T19:13:05","slug":"die-fresken","status":"publish","type":"page","link":"http:\/\/contemplom.at\/?page_id=495","title":{"rendered":"Fresken"},"content":{"rendered":"<figure id=\"attachment_498\" aria-describedby=\"caption-attachment-498\" style=\"width: 800px\" class=\"wp-caption aligncenter\"><a href=\"http:\/\/contemplom.at\/wp-content\/uploads\/2017\/02\/51.jpg\" target=\"_blank\"><img loading=\"lazy\" decoding=\"async\" class=\"wp-image-498 size-full\" src=\"http:\/\/contemplom.at\/wp-content\/uploads\/2017\/02\/51.jpg\" width=\"800\" height=\"600\" srcset=\"http:\/\/contemplom.at\/wp-content\/uploads\/2017\/02\/51.jpg 800w, http:\/\/contemplom.at\/wp-content\/uploads\/2017\/02\/51-300x225.jpg 300w, http:\/\/contemplom.at\/wp-content\/uploads\/2017\/02\/51-768x576.jpg 768w\" sizes=\"auto, (max-width: 800px) 100vw, 800px\" \/><\/a><figcaption id=\"caption-attachment-498\" class=\"wp-caption-text\">Links der Apostel Philippus (erkenntlich am Kreuz) und rechts (mit Keule) Jakobus der J\u00fcngere oder Judas Thadd\u00e4us.\u00a0Chor, S\u00fcdwand, um 1400.<\/figcaption><\/figure>\n<p>&nbsp;<\/p>\n<figure id=\"attachment_499\" aria-describedby=\"caption-attachment-499\" style=\"width: 600px\" class=\"wp-caption aligncenter\"><a href=\"http:\/\/contemplom.at\/wp-content\/uploads\/2017\/02\/52.jpg\" target=\"_blank\"><img loading=\"lazy\" decoding=\"async\" class=\"wp-image-499 size-full\" src=\"http:\/\/contemplom.at\/wp-content\/uploads\/2017\/02\/52.jpg\" width=\"600\" height=\"800\" srcset=\"http:\/\/contemplom.at\/wp-content\/uploads\/2017\/02\/52.jpg 600w, http:\/\/contemplom.at\/wp-content\/uploads\/2017\/02\/52-225x300.jpg 225w\" sizes=\"auto, (max-width: 600px) 100vw, 600px\" \/><\/a><figcaption id=\"caption-attachment-499\" class=\"wp-caption-text\">Geburt Christi\u00a0\u2013 Maria schr\u00e4g liegend (links der Kopf mit Heiligenschein, hinter\/\u00fcber ihr die Krippe), zu ihren F\u00fc\u00dfen rechts Josef (mit Judenhut). Langhaus, S\u00fcdwand, um 1280\/90.<\/figcaption><\/figure>\n<p>&nbsp;<\/p>\n<figure id=\"attachment_500\" aria-describedby=\"caption-attachment-500\" style=\"width: 800px\" class=\"wp-caption aligncenter\"><a href=\"http:\/\/contemplom.at\/wp-content\/uploads\/2017\/02\/53.jpg\" target=\"_blank\"><img loading=\"lazy\" decoding=\"async\" class=\"wp-image-500 size-full\" src=\"http:\/\/contemplom.at\/wp-content\/uploads\/2017\/02\/53.jpg\" width=\"800\" height=\"614\" srcset=\"http:\/\/contemplom.at\/wp-content\/uploads\/2017\/02\/53.jpg 800w, http:\/\/contemplom.at\/wp-content\/uploads\/2017\/02\/53-300x230.jpg 300w, http:\/\/contemplom.at\/wp-content\/uploads\/2017\/02\/53-768x589.jpg 768w\" sizes=\"auto, (max-width: 800px) 100vw, 800px\" \/><\/a><figcaption id=\"caption-attachment-500\" class=\"wp-caption-text\">Nach der Vertreibung aus dem Paradies (linke Bildreste) m\u00fcssen die Stammeltern arbeiten &#8211; Eva spinnt und Adam drischt. Untere Reihe, nur K\u00f6pfe mit Heiligenschein sichtbar: Maria (Mitte) und Simeon (rechts, gerade noch sichtbar), dazwischen das Jesukind, bei der Darstellung Jesu im Tempel. Langhaus, Nordwand, um 1280\/90.<\/figcaption><\/figure>\n<p>&nbsp;<\/p>\n<figure id=\"attachment_501\" aria-describedby=\"caption-attachment-501\" style=\"width: 800px\" class=\"wp-caption aligncenter\"><a href=\"http:\/\/contemplom.at\/wp-content\/uploads\/2017\/02\/54.jpg\" target=\"_blank\"><img loading=\"lazy\" decoding=\"async\" class=\"wp-image-501 size-full\" src=\"http:\/\/contemplom.at\/wp-content\/uploads\/2017\/02\/54.jpg\" width=\"800\" height=\"366\" srcset=\"http:\/\/contemplom.at\/wp-content\/uploads\/2017\/02\/54.jpg 800w, http:\/\/contemplom.at\/wp-content\/uploads\/2017\/02\/54-300x137.jpg 300w, http:\/\/contemplom.at\/wp-content\/uploads\/2017\/02\/54-768x351.jpg 768w\" sizes=\"auto, (max-width: 800px) 100vw, 800px\" \/><\/a><figcaption id=\"caption-attachment-501\" class=\"wp-caption-text\">Fortsetzung: Mittleres Bild: Kain (Garbe) und Abel (Lamm) mit ihrer Opfergabe. Dar\u00fcber die segnende Hand Gottes. Rechtes Bild: Kain (links) erschl\u00e4gt Abel (rechts, unter dem blasenartigen Baum hinsinkend). Untere Reihe, Mitte: Flucht nach \u00c4gypten. Langhaus, Nordwand, um 1280\/90.<\/figcaption><\/figure>\n<p>&nbsp;<\/p>\n<p>Detaillierte Erl\u00e4uterungen zur Baugeschichte und zu den Malereien siehe <strong><a href=\"http:\/\/contemplom.at\/wp-content\/uploads\/2015\/04\/Kirchenf%C3%BChrer-low.pdf\" target=\"_blank\">Kirchenf\u00fchrer<\/a><\/strong>.<\/p>\n","protected":false},"excerpt":{"rendered":"<p>&nbsp; &nbsp; &nbsp; &nbsp; Detaillierte Erl\u00e4uterungen zur Baugeschichte und zu den Malereien siehe Kirchenf\u00fchrer.<\/p>\n","protected":false},"author":1,"featured_media":308,"parent":434,"menu_order":0,"comment_status":"closed","ping_status":"closed","template":"","meta":{"footnotes":""},"class_list":["post-495","page","type-page","status-publish","has-post-thumbnail","hentry"],"_links":{"self":[{"href":"http:\/\/contemplom.at\/index.php?rest_route=\/wp\/v2\/pages\/495","targetHints":{"allow":["GET"]}}],"collection":[{"href":"http:\/\/contemplom.at\/index.php?rest_route=\/wp\/v2\/pages"}],"about":[{"href":"http:\/\/contemplom.at\/index.php?rest_route=\/wp\/v2\/types\/page"}],"author":[{"embeddable":true,"href":"http:\/\/contemplom.at\/index.php?rest_route=\/wp\/v2\/users\/1"}],"replies":[{"embeddable":true,"href":"http:\/\/contemplom.at\/index.php?rest_route=%2Fwp%2Fv2%2Fcomments&post=495"}],"version-history":[{"count":7,"href":"http:\/\/contemplom.at\/index.php?rest_route=\/wp\/v2\/pages\/495\/revisions"}],"predecessor-version":[{"id":515,"href":"http:\/\/contemplom.at\/index.php?rest_route=\/wp\/v2\/pages\/495\/revisions\/515"}],"up":[{"embeddable":true,"href":"http:\/\/contemplom.at\/index.php?rest_route=\/wp\/v2\/pages\/434"}],"wp:featuredmedia":[{"embeddable":true,"href":"http:\/\/contemplom.at\/index.php?rest_route=\/wp\/v2\/media\/308"}],"wp:attachment":[{"href":"http:\/\/contemplom.at\/index.php?rest_route=%2Fwp%2Fv2%2Fmedia&parent=495"}],"curies":[{"name":"wp","href":"https:\/\/api.w.org\/{rel}","templated":true}]}}