{"id":434,"date":"2017-02-18T13:17:51","date_gmt":"2017-02-18T11:17:51","guid":{"rendered":"http:\/\/contemplom.at\/?page_id=434"},"modified":"2017-03-28T20:28:51","modified_gmt":"2017-03-28T18:28:51","slug":"fotogalerie","status":"publish","type":"page","link":"http:\/\/contemplom.at\/?page_id=434","title":{"rendered":"Fotogalerie"},"content":{"rendered":"<h1><strong><span style=\"color: #808080;\">Die Friedhofskirche in Obersch\u00fctzen<\/span><\/strong><\/h1>\n<h3><span style=\"color: #993300;\">Bilder von einem mittelalterlichen Juwel<\/span><\/h3>\n<hr \/>\n<p><a href=\"http:\/\/contemplom.at\/wp-content\/uploads\/2017\/02\/00.jpg\" target=\"_blank\"><img loading=\"lazy\" decoding=\"async\" class=\"alignnone wp-image-441 size-full\" title=\"(c) Ernst Mindler\" src=\"http:\/\/contemplom.at\/wp-content\/uploads\/2017\/02\/00.jpg\" width=\"800\" height=\"219\" srcset=\"http:\/\/contemplom.at\/wp-content\/uploads\/2017\/02\/00.jpg 800w, http:\/\/contemplom.at\/wp-content\/uploads\/2017\/02\/00-300x82.jpg 300w, http:\/\/contemplom.at\/wp-content\/uploads\/2017\/02\/00-768x210.jpg 768w\" sizes=\"auto, (max-width: 800px) 100vw, 800px\" \/><\/a><\/p>\n<p><strong><span style=\"color: #000000;\">Anmerkung:\u00a0<\/span><\/strong>Die Farbgebung der Fotos im Innenraum, insbesondere bei den Wandmalereien, entspricht meist nicht dem tats\u00e4chlichen Farbton. Ursache daf\u00fcr sind einerseits die Lichtverh\u00e4ltnisse, andrerseits Bildbearbeitungen\/Hervorhebungen zur besseren Lesbarkeit. Detaillierte Erl\u00e4uterungen zur Baugeschichte und zu den Malereien siehe <a href=\"http:\/\/contemplom.at\/wp-content\/uploads\/2015\/04\/Kirchenf\u00fchrer-low.pdf\" target=\"_blank\">Kirchenf\u00fchrer<\/a>.<\/p>\n<p><a href=\"http:\/\/contemplom.at\/wp-content\/uploads\/2017\/02\/0.jpg\" target=\"_blank\"><img loading=\"lazy\" decoding=\"async\" class=\"alignnone wp-image-442 size-full\" title=\"(c) Ernst Mindler\" src=\"http:\/\/contemplom.at\/wp-content\/uploads\/2017\/02\/0.jpg\" width=\"800\" height=\"343\" srcset=\"http:\/\/contemplom.at\/wp-content\/uploads\/2017\/02\/0.jpg 800w, http:\/\/contemplom.at\/wp-content\/uploads\/2017\/02\/0-300x129.jpg 300w, http:\/\/contemplom.at\/wp-content\/uploads\/2017\/02\/0-768x329.jpg 768w\" sizes=\"auto, (max-width: 800px) 100vw, 800px\" \/><\/a><\/p>\n","protected":false},"excerpt":{"rendered":"<p>Die Friedhofskirche in Obersch\u00fctzen Bilder von einem mittelalterlichen Juwel Anmerkung:\u00a0Die Farbgebung der Fotos im Innenraum, insbesondere bei den Wandmalereien, entspricht meist nicht dem tats\u00e4chlichen Farbton. Ursache daf\u00fcr sind einerseits die Lichtverh\u00e4ltnisse, andrerseits Bildbearbeitungen\/Hervorhebungen zur besseren Lesbarkeit. Detaillierte Erl\u00e4uterungen zur Baugeschichte und zu den Malereien siehe Kirchenf\u00fchrer.<\/p>\n","protected":false},"author":1,"featured_media":312,"parent":0,"menu_order":4,"comment_status":"closed","ping_status":"closed","template":"page-templates\/full-width.php","meta":{"footnotes":""},"class_list":["post-434","page","type-page","status-publish","has-post-thumbnail","hentry"],"_links":{"self":[{"href":"http:\/\/contemplom.at\/index.php?rest_route=\/wp\/v2\/pages\/434","targetHints":{"allow":["GET"]}}],"collection":[{"href":"http:\/\/contemplom.at\/index.php?rest_route=\/wp\/v2\/pages"}],"about":[{"href":"http:\/\/contemplom.at\/index.php?rest_route=\/wp\/v2\/types\/page"}],"author":[{"embeddable":true,"href":"http:\/\/contemplom.at\/index.php?rest_route=\/wp\/v2\/users\/1"}],"replies":[{"embeddable":true,"href":"http:\/\/contemplom.at\/index.php?rest_route=%2Fwp%2Fv2%2Fcomments&post=434"}],"version-history":[{"count":4,"href":"http:\/\/contemplom.at\/index.php?rest_route=\/wp\/v2\/pages\/434\/revisions"}],"predecessor-version":[{"id":443,"href":"http:\/\/contemplom.at\/index.php?rest_route=\/wp\/v2\/pages\/434\/revisions\/443"}],"wp:featuredmedia":[{"embeddable":true,"href":"http:\/\/contemplom.at\/index.php?rest_route=\/wp\/v2\/media\/312"}],"wp:attachment":[{"href":"http:\/\/contemplom.at\/index.php?rest_route=%2Fwp%2Fv2%2Fmedia&parent=434"}],"curies":[{"name":"wp","href":"https:\/\/api.w.org\/{rel}","templated":true}]}}