{"id":239,"date":"2016-01-03T08:06:20","date_gmt":"2016-01-03T06:06:20","guid":{"rendered":"http:\/\/contemplom.at\/?page_id=239"},"modified":"2026-02-25T21:13:55","modified_gmt":"2026-02-25T19:13:55","slug":"aktuell","status":"publish","type":"page","link":"http:\/\/contemplom.at\/?page_id=239","title":{"rendered":"AKTUELL"},"content":{"rendered":"<p style=\"text-align: center;\"><span style=\"color: #000000;\"><strong>Termine in der Friedhofskirche OBERSCH\u00dcTZEN:<br \/><\/strong><span style=\"color: #0000ff;\">(Bei Veranstaltungen, die NICHT in der Friedhofskirche<br \/>Obersch\u00fctzen\u00a0 stattfinden, wird jeweils darauf hingewiesen!)<\/span>.<br \/><\/span><\/p>\n<p style=\"text-align: center;\">\u00a0Gottesdienste: siehe Gottesdienstordnung der r.k. Pfarre<br \/>Bad Tatzmannsdorf. Alle uns bekannten Termine in der <br \/>Friedhofskirche\u00a0 werden rechtzeitig hier bekanntgegeben.<\/p>\n<p style=\"text-align: center;\">\u00a0\u00a0\u00a0\u00a0 &#8212;&#8212;&#8212;&#8212;&#8212;&#8212;&#8212;&#8212;&#8212;&#8212;\u00a0\u00a0\u00a0\u00a0\u00a0\u00a0\u00a0\u00a0\u00a0\u00a0\u00a0\u00a0\u00a0\u00a0\u00a0\u00a0\u00a0\u00a0\u00a0\u00a0\u00a0\u00a0\u00a0\u00a0\u00a0\u00a0\u00a0\u00a0\u00a0\u00a0\u00a0<\/p>\n<p style=\"text-align: center;\"><span style=\"color: #ff0000;\"><strong>Termin\u00fcbersicht 2026<\/strong> <strong><br \/>Friedhofskirchen und Kirchenmusik<br \/><\/strong> <\/span>in Obersch\u00fctzen <a href=\"http:\/\/contemplom.at\/wp-content\/uploads\/2026\/02\/Termine-2026-v6-Friedhofskirchen-Konzerte.pdf\">pdf<\/a><\/p>\n<p style=\"text-align: center;\">&#8212;&#8212;&#8212;&#8212;&#8212;&#8212;&#8212;&#8212;&#8212;&#8212;<\/p>\n<p><strong><img loading=\"lazy\" decoding=\"async\" class=\"alignnone wp-image-89\" src=\"http:\/\/contemplom.at\/wp-content\/uploads\/2015\/04\/Weihekreuz-grau-150x150.jpg\" alt=\"Weihekreuz grau\" width=\"30\" height=\"24\" \/> Palm-Sa., 28. M\u00e4rz 2026:\u00a0 \u00a0<\/strong><br \/>\u00a0 \u00a0 \u00a0 \u00a0 \u00a0<strong>14-16 h\u00a0<\/strong>\u00a0<strong> Offene Kirche<\/strong><br \/>\u00a0 \u00a0 \u00a0 \u00a0 \u00a0 Besichtigung Fresken, Graffitis, Kirchenmodell<br \/>\u00a0 \u00a0 \u00a0 \u00a0 \u00a0<strong> 18 h\u00a0\u00a0\u00a0 Vesper.<\/strong>\u00a0\u00a0 Christliche Andacht<br \/>\u00a0 \u00a0 \u00a0 \u00a0 \u00a0 Musikalisch gestaltet vom Klosterquartett Hartberg.<br \/>\u00a0 \u00a0 \u00a0 \u00a0 \u00a0 \u00a0 \u00a0 \u00a0 \u00a0 \u00a0 \u00a0 \u00a0 \u00a0 \u00a0 \u00a0 \u00a0 \u00a0 \u00a0 <a href=\"http:\/\/contemplom.at\/wp-content\/uploads\/2026\/02\/Plakat-A4-28.3.2026-v2.pdf\">Einladung<\/a><\/p>\n<p><strong><a href=\"http:\/\/contemplom.at\/wp-content\/uploads\/2016\/01\/Taufbrunnen-grau.jpg\"><img loading=\"lazy\" decoding=\"async\" class=\"alignnone wp-image-727\" src=\"http:\/\/contemplom.at\/wp-content\/uploads\/2016\/01\/Taufbrunnen-grau.jpg\" alt=\"\" width=\"22\" height=\"28\" \/><\/a><\/strong>\u00a0 <strong>Di. ?. Aug.<\/strong> 2026, 17 h <strong>\u00d6kumenisches Abendgebe<\/strong>t<\/p>\n<p><strong><img loading=\"lazy\" decoding=\"async\" class=\"alignnone wp-image-89\" src=\"http:\/\/contemplom.at\/wp-content\/uploads\/2015\/04\/Weihekreuz-grau-150x150.jpg\" alt=\"Weihekreuz grau\" width=\"30\" height=\"24\" \/>\u00a0 Mo., 24. Aug. <\/strong>2026<strong>, 6 h: Christliches <\/strong><strong>Morgenlob<br \/><\/strong>\u00a0 \u00a0 \u00a0 \u00a0 \u00a0 \u00a0Musikalisch gestaltete christliche Morgenandacht<br \/>\u00a0 \u00a0 \u00a0 \u00a0 \u00a0 \u00a0zum Fest des\u00a0 Kirchenpatrons<\/p>\n<p><strong><img loading=\"lazy\" decoding=\"async\" class=\"alignnone wp-image-89\" src=\"http:\/\/contemplom.at\/wp-content\/uploads\/2015\/04\/Weihekreuz-grau-150x150.jpg\" alt=\"Weihekreuz grau\" width=\"30\" height=\"24\" \/><\/strong><span style=\"color: #0000ff;\">\u00a0 Sa., 21. Nov. <\/span><span style=\"color: #0000ff;\">2026<strong>, <\/strong>16 h<strong> Friedhofskirche\u00a0 Willersdorf <\/strong>:<\/span><br \/><span style=\"color: #0000ff;\">\u00a0 \u00a0 \u00a0 \u00a0 \u00a0 \u00a0Musikalisch gestaltete Katharinenvesper<\/span><\/p>\n<p><strong><img loading=\"lazy\" decoding=\"async\" class=\"alignnone wp-image-89\" src=\"http:\/\/contemplom.at\/wp-content\/uploads\/2015\/04\/Weihekreuz-grau-150x150.jpg\" alt=\"Weihekreuz grau\" width=\"30\" height=\"24\" \/> Do.,\u00a0 24. Dezember <\/strong>2026<strong>: Heiliger Abend <\/strong><br \/><strong>\u00a0 \u00a0 \u00a0 \u00a0 \u00a0 \u00a014-16 Uhr\u00a0\u00a0 Offene Kirche,<\/strong> \u00a0<br \/>\u00a0 \u00a0 \u00a0 \u00a0 \u00a0 \u00a0 \u00a0 \u00a0 \u00a0 \u00a0 \u00a0 \u00a0 \u00a0 \u00a0 \u00a0 \u00a0 \u00a0Besichtigung Fresken, Graffitis, Kirchenmodell<strong><br \/><\/strong>\u00a0 \u00a0 \u00a0 \u00a0 \u00a0 \u00a0<strong>\u00a021 h\u00a0 Vigil, Heilig-Abend-Lob<br \/><\/strong>\u00a0 \u00a0 \u00a0 \u00a0 \u00a0 \u00a0 \u00a0 \u00a0 \u00a0 \u00a0 \u00a0 \u00a0 \u00a0 \u00a0 \u00a0 \u00a0 \u00a0Musikalisch gestaltete christliche Vigil<br \/>\u00a0 \u00a0 \u00a0 \u00a0 \u00a0 \u00a0 \u00a0 \u00a0 \u00a0 \u00a0 \u00a0 \u00a0 \u00a0 \u00a0\u00a0<strong><br \/><\/strong><\/p>\n<p><a href=\"http:\/\/contemplom.at\/wp-content\/uploads\/2016\/01\/1.jpg\"><img loading=\"lazy\" decoding=\"async\" class=\"alignnone  wp-image-716\" src=\"http:\/\/contemplom.at\/wp-content\/uploads\/2016\/01\/1.jpg\" alt=\"\" width=\"435\" height=\"263\" srcset=\"http:\/\/contemplom.at\/wp-content\/uploads\/2016\/01\/1.jpg 418w, http:\/\/contemplom.at\/wp-content\/uploads\/2016\/01\/1-300x182.jpg 300w\" sizes=\"auto, (max-width: 435px) 100vw, 435px\" \/><\/a><\/p>\n<p><strong>\u00a0<\/strong><\/p>\n<p><a href=\"http:\/\/contemplom.at\/wp-content\/uploads\/2015\/04\/Band-72-dpi-N-5810-3-NEU.jpg\"><img loading=\"lazy\" decoding=\"async\" class=\" wp-image-65 size-medium aligncenter\" src=\"http:\/\/contemplom.at\/wp-content\/uploads\/2015\/04\/Band-72-dpi-N-5810-3-NEU-300x14.jpg\" alt=\"Band 72 dpi N 5810 3 NEU\" width=\"300\" height=\"14\" srcset=\"http:\/\/contemplom.at\/wp-content\/uploads\/2015\/04\/Band-72-dpi-N-5810-3-NEU-300x14.jpg 300w, http:\/\/contemplom.at\/wp-content\/uploads\/2015\/04\/Band-72-dpi-N-5810-3-NEU-1024x49.jpg 1024w, http:\/\/contemplom.at\/wp-content\/uploads\/2015\/04\/Band-72-dpi-N-5810-3-NEU.jpg 1957w\" sizes=\"auto, (max-width: 300px) 100vw, 300px\" \/><\/a><\/p>\n<p><a href=\"http:\/\/contemplom.at\/wp-content\/uploads\/2021\/12\/DSCN0090-mail-2.jpg\"><img loading=\"lazy\" decoding=\"async\" class=\"alignnone size-full wp-image-1458\" src=\"http:\/\/contemplom.at\/wp-content\/uploads\/2021\/12\/DSCN0090-mail-2.jpg\" alt=\"\" width=\"290\" height=\"383\" srcset=\"http:\/\/contemplom.at\/wp-content\/uploads\/2021\/12\/DSCN0090-mail-2.jpg 290w, http:\/\/contemplom.at\/wp-content\/uploads\/2021\/12\/DSCN0090-mail-2-227x300.jpg 227w\" sizes=\"auto, (max-width: 290px) 100vw, 290px\" \/><\/a><strong>Das Kirchenmodell<\/strong><br \/>(Rekonstruktion um 1300) im Ma\u00dfstab 1:18, <br \/>erbaut von Rainer Uerlings.<\/p>\n<p style=\"text-align: center;\"><a href=\"http:\/\/contemplom.at\/wp-content\/uploads\/2015\/04\/Band-72-dpi-N-5810-3-NEU.jpg\"><img loading=\"lazy\" decoding=\"async\" class=\" wp-image-65 size-medium aligncenter\" src=\"http:\/\/contemplom.at\/wp-content\/uploads\/2015\/04\/Band-72-dpi-N-5810-3-NEU-300x14.jpg\" alt=\"Band 72 dpi N 5810 3 NEU\" width=\"300\" height=\"14\" srcset=\"http:\/\/contemplom.at\/wp-content\/uploads\/2015\/04\/Band-72-dpi-N-5810-3-NEU-300x14.jpg 300w, http:\/\/contemplom.at\/wp-content\/uploads\/2015\/04\/Band-72-dpi-N-5810-3-NEU-1024x49.jpg 1024w, http:\/\/contemplom.at\/wp-content\/uploads\/2015\/04\/Band-72-dpi-N-5810-3-NEU.jpg 1957w\" sizes=\"auto, (max-width: 300px) 100vw, 300px\" \/><\/a><strong><span style=\"color: #e21b1b;\">Allgemeine Hinweise:<\/span><\/strong><\/p>\n<p><em><span style=\"line-height: 1.5;\">Die Kirche hat keine Heizung. Bedenken Sie bitte, dass das Raumklima nicht nur im Winter k\u00fchl ist.<\/span><\/em><br \/><em>Unsere Veranstaltungen haben im Allgemeinen eine Dauer von etwa 45 Minuten.\u00a0<\/em><em>Es gibt ca. 50 Sitzpl\u00e4tze und 20 Stehpl\u00e4tze.<\/em>[:en]<\/p>\n\n\n<p><\/p>\n\n\n\n<p><\/p>\n\n\n\n<p><\/p>\n\n\n\n<p><\/p>\n","protected":false},"excerpt":{"rendered":"<p>Termine in der Friedhofskirche OBERSCH\u00dcTZEN:(Bei Veranstaltungen, die NICHT in der FriedhofskircheObersch\u00fctzen\u00a0 stattfinden, wird jeweils darauf hingewiesen!). \u00a0Gottesdienste: siehe Gottesdienstordnung der r.k. PfarreBad Tatzmannsdorf. Alle uns bekannten Termine in der Friedhofskirche\u00a0 werden rechtzeitig hier bekanntgegeben. \u00a0\u00a0\u00a0\u00a0 &#8212;&#8212;&#8212;&#8212;&#8212;&#8212;&#8212;&#8212;&#8212;&#8212;\u00a0\u00a0\u00a0\u00a0\u00a0\u00a0\u00a0\u00a0\u00a0\u00a0\u00a0\u00a0\u00a0\u00a0\u00a0\u00a0\u00a0\u00a0\u00a0\u00a0\u00a0\u00a0\u00a0\u00a0\u00a0\u00a0\u00a0\u00a0\u00a0\u00a0\u00a0 Termin\u00fcbersicht 2026 Friedhofskirchen und Kirchenmusik in Obersch\u00fctzen pdf &#8212;&#8212;&#8212;&#8212;&#8212;&#8212;&#8212;&#8212;&#8212;&#8212; Palm-Sa., 28. M\u00e4rz 2026:\u00a0 \u00a0\u00a0 \u00a0 \u00a0 \u00a0 \u00a014-16 h\u00a0\u00a0 &hellip; <a href=\"http:\/\/contemplom.at\/?page_id=239\" class=\"more-link\"><span class=\"screen-reader-text\">AKTUELL<\/span> weiterlesen <span class=\"meta-nav\">&rarr;<\/span><\/a><\/p>\n","protected":false},"author":1,"featured_media":0,"parent":6,"menu_order":0,"comment_status":"closed","ping_status":"closed","template":"","meta":{"footnotes":""},"class_list":["post-239","page","type-page","status-publish","hentry"],"_links":{"self":[{"href":"http:\/\/contemplom.at\/index.php?rest_route=\/wp\/v2\/pages\/239","targetHints":{"allow":["GET"]}}],"collection":[{"href":"http:\/\/contemplom.at\/index.php?rest_route=\/wp\/v2\/pages"}],"about":[{"href":"http:\/\/contemplom.at\/index.php?rest_route=\/wp\/v2\/types\/page"}],"author":[{"embeddable":true,"href":"http:\/\/contemplom.at\/index.php?rest_route=\/wp\/v2\/users\/1"}],"replies":[{"embeddable":true,"href":"http:\/\/contemplom.at\/index.php?rest_route=%2Fwp%2Fv2%2Fcomments&post=239"}],"version-history":[{"count":499,"href":"http:\/\/contemplom.at\/index.php?rest_route=\/wp\/v2\/pages\/239\/revisions"}],"predecessor-version":[{"id":1714,"href":"http:\/\/contemplom.at\/index.php?rest_route=\/wp\/v2\/pages\/239\/revisions\/1714"}],"up":[{"embeddable":true,"href":"http:\/\/contemplom.at\/index.php?rest_route=\/wp\/v2\/pages\/6"}],"wp:attachment":[{"href":"http:\/\/contemplom.at\/index.php?rest_route=%2Fwp%2Fv2%2Fmedia&parent=239"}],"curies":[{"name":"wp","href":"https:\/\/api.w.org\/{rel}","templated":true}]}}