{"id":2,"date":"2014-04-01T14:43:37","date_gmt":"2014-04-01T12:43:37","guid":{"rendered":"http:\/\/contemplom.at\/?page_id=2"},"modified":"2017-03-28T20:29:19","modified_gmt":"2017-03-28T18:29:19","slug":"beispiel-seite","status":"publish","type":"page","link":"http:\/\/contemplom.at\/?page_id=2","title":{"rendered":"\u00dcber CONTEMPLOM"},"content":{"rendered":"<p><a href=\"http:\/\/contemplom.at\/wp-content\/uploads\/2014\/04\/20150401-Bildleiste-400px.jpg\"><img loading=\"lazy\" decoding=\"async\" class=\"alignnone  wp-image-16\" src=\"http:\/\/contemplom.at\/wp-content\/uploads\/2014\/04\/20150401-Bildleiste-400px-300x41.jpg\" alt=\"20150401-- Bildleiste 400px\" width=\"447\" height=\"61\" srcset=\"http:\/\/contemplom.at\/wp-content\/uploads\/2014\/04\/20150401-Bildleiste-400px-300x41.jpg 300w, http:\/\/contemplom.at\/wp-content\/uploads\/2014\/04\/20150401-Bildleiste-400px.jpg 400w\" sizes=\"auto, (max-width: 447px) 100vw, 447px\" \/><\/a><\/p>\n<p><strong>CONTEMPLOM.<\/strong> Kult(ur)st\u00e4tte &#8211; Friedhofskirche &#8211; Obersch\u00fctzen<\/p>\n<p><em>Die etwa 800 Jahre alte Friedhofskirche liegt in Hanglage am Ortsrand von Obersch\u00fctzen (kath. Filialkirche 7432 Obersch\u00fctzen, Tatzmannsdorfer Stra\u00dfe 42) und ist dem hl. Bartholom\u00e4us geweiht. <\/em><\/p>\n<p><em>Sie wurde im Lauf ihrer wechselvollen Geschichte abwechselnd von evangelischen und katholischen Gl\u00e4ubigen genutzt, zeitweise auch gemeinsam. Vor 30 Jahren wurden Reste von romanischen und gotischen Wandmalereien entdeckt und restauriert. In den letzten Jahrzehnten war die Kirche geschlossen und wurde nur selten genutzt.<\/em><\/p>\n<p><em>Mit der Schlie\u00dfung des Bildungs- und Seelsorgezentrums St.-Christophorus-Haus im Jahr 2012 wurde der kleinen katholischen Filialgemeinde Obersch\u00fctzen ihr pastorales Zentrum genommen.<\/em><\/p>\n<p><em>Contemplom m\u00f6chte dazu beitragen, die w\u00fcrdige alte Friedhofskirche wieder zu beleben und zu \u00f6ffnen als<\/em><\/p>\n<ul>\n<li><em>Ort des Gebetes und der Stille<\/em><\/li>\n<li><em>St\u00e4tte \u00f6kumenischer und kultureller Begegnung<\/em><\/li>\n<li><em>sehenswertes Denkmal einer l\u00e4ngst verschwundenen Epoche<\/em><\/li>\n<\/ul>\n<p><em>Der Name Contemplom leitet sich ab von<\/em><\/p>\n<ul>\n<li><em>contemplare (lat.) \u2013 beobachten, betrachten, erw\u00e4gen<\/em><\/li>\n<li><em>Kontemplation \u2013 beschauliches Nachdenken, innere Sammlung, religi\u00f6se Betrachtung<\/em><\/li>\n<li><em>templom (ung.) &#8211;\u00a0 Kirche<\/em><\/li>\n<\/ul>\n<p><em>Contemplom ist eine private Initiative von Ludwig Leitner und Ernst Mindler im Rahmen der katholischen Filialgemeinde Obersch\u00fctzen und wird ausschlie\u00dflich aus privaten Mitteln finanziert. Wir danken allen Unterst\u00fctzern, die durch ihr gro\u00dfes Interesse und ihre tatkr\u00e4ftige Mithilfe dieses Bem\u00fchen f\u00f6rdern und tragen.<\/em><\/p>\n","protected":false},"excerpt":{"rendered":"<p>CONTEMPLOM. Kult(ur)st\u00e4tte &#8211; Friedhofskirche &#8211; Obersch\u00fctzen Die etwa 800 Jahre alte Friedhofskirche liegt in Hanglage am Ortsrand von Obersch\u00fctzen (kath. Filialkirche 7432 Obersch\u00fctzen, Tatzmannsdorfer Stra\u00dfe 42) und ist dem hl. Bartholom\u00e4us geweiht. Sie wurde im Lauf ihrer wechselvollen Geschichte abwechselnd von evangelischen und katholischen Gl\u00e4ubigen genutzt, zeitweise auch gemeinsam. Vor 30 Jahren wurden Reste von &hellip; <a href=\"http:\/\/contemplom.at\/?page_id=2\" class=\"more-link\"><span class=\"screen-reader-text\">\u00dcber CONTEMPLOM<\/span> weiterlesen <span class=\"meta-nav\">&rarr;<\/span><\/a><\/p>\n","protected":false},"author":1,"featured_media":0,"parent":0,"menu_order":6,"comment_status":"closed","ping_status":"closed","template":"","meta":{"footnotes":""},"class_list":["post-2","page","type-page","status-publish","hentry"],"_links":{"self":[{"href":"http:\/\/contemplom.at\/index.php?rest_route=\/wp\/v2\/pages\/2","targetHints":{"allow":["GET"]}}],"collection":[{"href":"http:\/\/contemplom.at\/index.php?rest_route=\/wp\/v2\/pages"}],"about":[{"href":"http:\/\/contemplom.at\/index.php?rest_route=\/wp\/v2\/types\/page"}],"author":[{"embeddable":true,"href":"http:\/\/contemplom.at\/index.php?rest_route=\/wp\/v2\/users\/1"}],"replies":[{"embeddable":true,"href":"http:\/\/contemplom.at\/index.php?rest_route=%2Fwp%2Fv2%2Fcomments&post=2"}],"version-history":[{"count":7,"href":"http:\/\/contemplom.at\/index.php?rest_route=\/wp\/v2\/pages\/2\/revisions"}],"predecessor-version":[{"id":112,"href":"http:\/\/contemplom.at\/index.php?rest_route=\/wp\/v2\/pages\/2\/revisions\/112"}],"wp:attachment":[{"href":"http:\/\/contemplom.at\/index.php?rest_route=%2Fwp%2Fv2%2Fmedia&parent=2"}],"curies":[{"name":"wp","href":"https:\/\/api.w.org\/{rel}","templated":true}]}}