{"id":1063,"date":"2019-09-24T22:59:40","date_gmt":"2019-09-24T20:59:40","guid":{"rendered":"http:\/\/contemplom.at\/?page_id=1063"},"modified":"2019-09-26T12:44:31","modified_gmt":"2019-09-26T10:44:31","slug":"friedhofskirche-oberschuetzen-um-1300-modell-im-exakten-massstab-118","status":"publish","type":"page","link":"http:\/\/contemplom.at\/?page_id=1063","title":{"rendered":"Modell der Friedhofskirche"},"content":{"rendered":"\n<p>Das Modell im exakten Ma\u00dfstab 1:18 stellt die romanische Friedhofskirche Obersch\u00fctzen dar, wie sie baulich nach ihrer Errichtung um 1300 gestaltet war, mit einigen fr\u00fchgotischen Ans\u00e4tzen.<\/p>\n\n\n\n<p style=\"text-align:left\"><em>&nbsp;           Das Modell ist erstmals am Tag des Denkmals am 29. September 2019<\/em><br><em>            zu sehen und wird sp\u00e4ter dauerhaft in einer Vitrine zu besichtigen sein.<\/em><\/p>\n\n\n\n<figure class=\"wp-block-image\"><img loading=\"lazy\" decoding=\"async\" width=\"425\" height=\"472\" src=\"http:\/\/contemplom.at\/wp-content\/uploads\/2019\/09\/DSCN6730-freigestellt-web-2.jpg\" alt=\"\" class=\"wp-image-1064\" srcset=\"http:\/\/contemplom.at\/wp-content\/uploads\/2019\/09\/DSCN6730-freigestellt-web-2.jpg 425w, http:\/\/contemplom.at\/wp-content\/uploads\/2019\/09\/DSCN6730-freigestellt-web-2-270x300.jpg 270w\" sizes=\"auto, (max-width: 425px) 100vw, 425px\" \/><\/figure>\n\n\n\n<p><strong>Modellbaumeister: Rainer Uerlings<\/strong>, Rutesheim (D)<br>unter Mitwirkung von Hanne Uerlings (Malereien im Chor und geduldige Unterst\u00fctzung). <\/p>\n\n\n\n<div class=\"wp-block-image\"><figure class=\"aligncenter\"><img loading=\"lazy\" decoding=\"async\" width=\"348\" height=\"283\" src=\"http:\/\/contemplom.at\/wp-content\/uploads\/2019\/09\/DSCN6487-web-h10.jpg\" alt=\"\" class=\"wp-image-1086\" srcset=\"http:\/\/contemplom.at\/wp-content\/uploads\/2019\/09\/DSCN6487-web-h10.jpg 348w, http:\/\/contemplom.at\/wp-content\/uploads\/2019\/09\/DSCN6487-web-h10-300x244.jpg 300w\" sizes=\"auto, (max-width: 348px) 100vw, 348px\" \/><figcaption>Der Meister der Bauh\u00fctte legt letzte Hand an<\/figcaption><\/figure><\/div>\n\n\n\n<p>Einfache ungarische Dorfkirche, errichtet aus Bruchsteinmauerwerk auf einem Vorg\u00e4ngerbau (Missionskirche) aus der Karolingerzeit mit 1 m dicken Mauern. Langhaus ohne Decke, offen zum Dachstuhl. Keine Bestuhlung und keine Kanzel, aber eine Empore an der Westwand (Aufgang zum Dachreiter mit Glocke, Dachstuhl und Schindeldach).<br> S\u00fcdseitig 3 kleine romanische Fenster\u00f6ffnungen, eine Fensternische mit Heiligenstatute (Kirchenpatron Apostel Bartholom\u00e4us mit Schriftrolle und Messer) sowie eine Eingangst\u00fcr. \u00d6stlich angesetzt mit erh\u00f6htem Fu\u00dfbodenniveau ein rechteckiger Chor (Altarraum) mit je einem Fenster im Osten und S\u00fcden. (Sp\u00e4ter eingezogenes) Kreuzgratgew\u00f6lbe. Einfache Wandmalereien: umlaufendes Band mit Vorhangmuster.<br> An der Nordwand Sakramentsnische mit Gitter.<\/p>\n\n\n\n<p><br><\/p>\n\n\n\n<div class=\"wp-block-image\"><figure class=\"alignleft\"><img loading=\"lazy\" decoding=\"async\" width=\"142\" height=\"208\" src=\"http:\/\/contemplom.at\/wp-content\/uploads\/2019\/09\/DSCN6748-web-2.jpg\" alt=\"\" class=\"wp-image-1065\"\/><figcaption> Am Tag des Kirchenpatrons 24. August erscheinen die Strahlen der aufgehenden Morgensonne durch das Ostfenster. <\/figcaption><\/figure><\/div>\n\n\n\n<p><br> Sp\u00e4ter (nicht im Modell dargestellt) werden die Wandbemalungen angebracht (um 1280\/90 im Langhaus, um 1400 im Chor), eine Flachdecke aus Holz wird im Langhaus eingezogen.<br> Noch sp\u00e4ter werden die Malereien \u00fcbermalt und \u00fcberputzt, die Kirche wird mehrmals verw\u00fcstet und wiederhergestellt, die Decke und das Gew\u00f6lbe werden angehoben und gr\u00f6\u00dfere Fenster\u00f6ffnungen im Langhaus ausgebrochen.<\/p>\n\n\n\n<p>Um 1900 werden schlie\u00dflich die Sakristei und der Turm angebaut und der Eingang wird in den Turmbereich verlegt. Die s\u00fcdliche T\u00fcr\u00f6ffnung wird au\u00dfen zugemauert und die verbleibende Mauernische wird vorerst als Beichtstuhl verwendet und sp\u00e4ter zugemauert.<\/p>\n\n\n\n<figure class=\"wp-block-image\"><img loading=\"lazy\" decoding=\"async\" width=\"567\" height=\"238\" src=\"http:\/\/contemplom.at\/wp-content\/uploads\/2019\/09\/DSCN6738-Glockenstuhl-u.a-web-b20.jpg\" alt=\"\" class=\"wp-image-1089\" srcset=\"http:\/\/contemplom.at\/wp-content\/uploads\/2019\/09\/DSCN6738-Glockenstuhl-u.a-web-b20.jpg 567w, http:\/\/contemplom.at\/wp-content\/uploads\/2019\/09\/DSCN6738-Glockenstuhl-u.a-web-b20-300x126.jpg 300w\" sizes=\"auto, (max-width: 567px) 100vw, 567px\" \/><figcaption>Glockenstuhl * Sakramentsnische * Hl. Bartholom\u00e4us mit Messer und Schriftrolle<\/figcaption><\/figure>\n\n\n\n<figure class=\"wp-block-image\"><img loading=\"lazy\" decoding=\"async\" width=\"567\" height=\"402\" src=\"http:\/\/contemplom.at\/wp-content\/uploads\/2019\/09\/DSCN6752-innen-au\u00dfen-web-b20.jpg\" alt=\"\" class=\"wp-image-1092\" srcset=\"http:\/\/contemplom.at\/wp-content\/uploads\/2019\/09\/DSCN6752-innen-au\u00dfen-web-b20.jpg 567w, http:\/\/contemplom.at\/wp-content\/uploads\/2019\/09\/DSCN6752-innen-au\u00dfen-web-b20-300x213.jpg 300w\" sizes=\"auto, (max-width: 567px) 100vw, 567px\" \/><figcaption>Innen\/ Au\u00dfen: Eingangst\u00fcr * Schlitzfenster Ost * Chor mit Kreuzgratgew\u00f6lbe<\/figcaption><\/figure>\n\n\n\n<figure class=\"wp-block-image\"><img loading=\"lazy\" decoding=\"async\" width=\"565\" height=\"247\" src=\"http:\/\/contemplom.at\/wp-content\/uploads\/2019\/09\/DSCN6809-Dachstuhl-a-web-b20.jpg\" alt=\"\" class=\"wp-image-1112\" srcset=\"http:\/\/contemplom.at\/wp-content\/uploads\/2019\/09\/DSCN6809-Dachstuhl-a-web-b20.jpg 565w, http:\/\/contemplom.at\/wp-content\/uploads\/2019\/09\/DSCN6809-Dachstuhl-a-web-b20-300x131.jpg 300w\" sizes=\"auto, (max-width: 565px) 100vw, 565px\" \/><figcaption> Dachstuhl * Dachreiter, Innenansicht <\/figcaption><\/figure>\n\n\n\n<figure class=\"wp-block-image\"><img loading=\"lazy\" decoding=\"async\" width=\"567\" height=\"166\" src=\"http:\/\/contemplom.at\/wp-content\/uploads\/2019\/09\/DSCN6780-Bauaufsicht-web-b20.jpg\" alt=\"\" class=\"wp-image-1094\" srcset=\"http:\/\/contemplom.at\/wp-content\/uploads\/2019\/09\/DSCN6780-Bauaufsicht-web-b20.jpg 567w, http:\/\/contemplom.at\/wp-content\/uploads\/2019\/09\/DSCN6780-Bauaufsicht-web-b20-300x88.jpg 300w\" sizes=\"auto, (max-width: 567px) 100vw, 567px\" \/><figcaption>Bauaufsicht&#8230;<\/figcaption><\/figure>\n\n\n\n<p>Unser besonderer Dank gilt dem Erbauer Rainer Uerlings, der mit unvorstellbarer Pr\u00e4zision und mit unendlichem Zeitaufwand dieses wunderbare Modell geschaffen hat.<\/p>\n\n\n\n<div class=\"wp-block-image\"><figure class=\"aligncenter\"><img loading=\"lazy\" decoding=\"async\" width=\"283\" height=\"334\" src=\"http:\/\/contemplom.at\/wp-content\/uploads\/2019\/09\/DSCN6731-S\u00fcdseite-web-b10.jpg\" alt=\"\" class=\"wp-image-1095\" srcset=\"http:\/\/contemplom.at\/wp-content\/uploads\/2019\/09\/DSCN6731-S\u00fcdseite-web-b10.jpg 283w, http:\/\/contemplom.at\/wp-content\/uploads\/2019\/09\/DSCN6731-S\u00fcdseite-web-b10-254x300.jpg 254w\" sizes=\"auto, (max-width: 283px) 100vw, 283px\" \/><\/figure><\/div>\n","protected":false},"excerpt":{"rendered":"<p>Das Modell im exakten Ma\u00dfstab 1:18 stellt die romanische Friedhofskirche Obersch\u00fctzen dar, wie sie baulich nach ihrer Errichtung um 1300 gestaltet war, mit einigen fr\u00fchgotischen Ans\u00e4tzen. &nbsp; Das Modell ist erstmals am Tag des Denkmals am 29. September 2019 zu sehen und wird sp\u00e4ter dauerhaft in einer Vitrine zu besichtigen sein. Modellbaumeister: Rainer Uerlings, Rutesheim &hellip; <a href=\"http:\/\/contemplom.at\/?page_id=1063\" class=\"more-link\"><span class=\"screen-reader-text\">Modell der Friedhofskirche<\/span> weiterlesen <span class=\"meta-nav\">&rarr;<\/span><\/a><\/p>\n","protected":false},"author":1,"featured_media":0,"parent":96,"menu_order":0,"comment_status":"closed","ping_status":"closed","template":"","meta":{"footnotes":""},"class_list":["post-1063","page","type-page","status-publish","hentry"],"_links":{"self":[{"href":"http:\/\/contemplom.at\/index.php?rest_route=\/wp\/v2\/pages\/1063","targetHints":{"allow":["GET"]}}],"collection":[{"href":"http:\/\/contemplom.at\/index.php?rest_route=\/wp\/v2\/pages"}],"about":[{"href":"http:\/\/contemplom.at\/index.php?rest_route=\/wp\/v2\/types\/page"}],"author":[{"embeddable":true,"href":"http:\/\/contemplom.at\/index.php?rest_route=\/wp\/v2\/users\/1"}],"replies":[{"embeddable":true,"href":"http:\/\/contemplom.at\/index.php?rest_route=%2Fwp%2Fv2%2Fcomments&post=1063"}],"version-history":[{"count":15,"href":"http:\/\/contemplom.at\/index.php?rest_route=\/wp\/v2\/pages\/1063\/revisions"}],"predecessor-version":[{"id":1115,"href":"http:\/\/contemplom.at\/index.php?rest_route=\/wp\/v2\/pages\/1063\/revisions\/1115"}],"up":[{"embeddable":true,"href":"http:\/\/contemplom.at\/index.php?rest_route=\/wp\/v2\/pages\/96"}],"wp:attachment":[{"href":"http:\/\/contemplom.at\/index.php?rest_route=%2Fwp%2Fv2%2Fmedia&parent=1063"}],"curies":[{"name":"wp","href":"https:\/\/api.w.org\/{rel}","templated":true}]}}